{"id":357,"date":"2017-02-19T04:56:13","date_gmt":"2017-02-19T04:56:13","guid":{"rendered":"http:\/\/themes.kadencethemes.com\/ascend\/?page_id=357"},"modified":"2023-05-15T21:22:13","modified_gmt":"2023-05-15T21:22:13","slug":"cookies-policy","status":"publish","type":"page","link":"https:\/\/www.waifu.com.mx\/es\/cookies-policy\/","title":{"rendered":"Pol\u00edtica de cookies"},"content":{"rendered":"<p>Si desea saber m\u00e1s sobre el uso de cookies que hace este sitio web <strong>https:\/\/waifu.com.mx<\/strong>, Est\u00e1s en el lugar correcto. A continuaci\u00f3n, vamos a explicar qu\u00e9 son exactamente las cookies; qu\u00e9 tipo de cookies utilizamos y con qu\u00e9 prop\u00f3sito; y c\u00f3mo puede ejercer su derecho a configurar su navegador y rechazar el uso de cualquiera de ellas.<br><br>Eso s\u00ed, debes saber que si decides no utilizar algunas cookies, es posible que este sitio web no funcione a la perfecci\u00f3n, afectando a tu experiencia de usuario.<\/p>\n\n\n\n<h2 class=\"wp-block-heading has-black-color has-text-color\">QUE ES UNA COOKIE<\/h2>\n\n\n\n<p>Una cookie es un fichero que se descarga en su ordenador al acceder a determinadas p\u00e1ginas web o blogs.<br><br>Las cookies permiten que esa p\u00e1gina, entre otras cosas, almacene y recupere informaci\u00f3n sobre sus h\u00e1bitos de navegaci\u00f3n o su computadora y, seg\u00fan la informaci\u00f3n que contengan y la forma en que use su computadora, pueden usarse para reconocerlo.<br><br>El navegador del usuario memoriza cookies en el disco duro \u00fanicamente durante la sesi\u00f3n actual, ocupando un m\u00ednimo espacio de memoria y no perjudicando al ordenador. Las cookies no contienen ning\u00fan tipo de informaci\u00f3n personal espec\u00edfica y la mayor\u00eda de ellas se eliminan del disco duro al finalizar la sesi\u00f3n del navegador (las llamadas cookies de sesi\u00f3n).<br><br>La mayor\u00eda de los navegadores aceptan como est\u00e1ndar a las cookies y, con independencia de las mismas, permiten o impiden en los ajustes de seguridad las cookies temporales o memorizadas.<br><br>Las cookies se asocian con el navegador, no con la persona, por lo que no suelen almacenar informaci\u00f3n sensible sobre ti como tarjetas de cr\u00e9dito o datos bancarios, fotograf\u00edas o informaci\u00f3n personal, etc. Los datos que guardan son de car\u00e1cter t\u00e9cnico, estad\u00edstico, preferencias personales, personalizaci\u00f3n. de contenido, etc<\/p>\n\n\n\n<h2 class=\"wp-block-heading has-black-color has-text-color\">ACEPTACI\u00d3N DE COOKIES: NORMATIVA VIGENTE<\/h2>\n\n\n\n<p>Al acceder a este sitio web, y de acuerdo con la normativa vigente en protecci\u00f3n de datos, le informamos del uso de cookies, d\u00e1ndole la opci\u00f3n de aceptarlas expresamente y acceder a m\u00e1s informaci\u00f3n a trav\u00e9s de esta Pol\u00edtica de Cookies.<br><br>Debes saber que, si contin\u00faas navegando, estar\u00e1s dando tu consentimiento para el uso de estas cookies. Pero, en cualquier momento, puede cambiar de opini\u00f3n y bloquear su uso a trav\u00e9s de su navegador.<br><br>Para su total tranquilidad, este sitio web cumple con lo dispuesto en la normativa vigente en relaci\u00f3n con el uso de cookies y sus datos personales:<br><br>El reglamento LSSI-CE (<strong>Ley de la sociedad de la informaci\u00f3n y comercio electr\u00f3nico<\/strong>)<br><br>El <strong>RGPD<\/strong> (<strong>Reglamento (UE) 2016\/679 del Parlamento Europeo y del Consejo, de 27 de abril de 2016, relativo a la protecci\u00f3n de las personas f\u00edsicas<\/strong>), que unifica la regulaci\u00f3n del tratamiento de datos personales en los pa\u00edses de la UE.<br><br>Esta Pol\u00edtica de Cookies podr\u00e1 modificarse en cualquier momento para adaptarse a novedades normativas o cambios en nuestras actividades, siendo la vigente la publicada en la web.<\/p>\n\n\n\n<h2 class=\"wp-block-heading has-black-color has-text-color\">TIPOS DE COOKIES<\/h2>\n\n\n\n<p>Con el fin de ofrecerte una mejor experiencia de usuario, obtener datos anal\u00edticos, almacenar y recuperar informaci\u00f3n sobre tus h\u00e1bitos de navegaci\u00f3n o de tu equipo y desarrollar tu actividad, este sitio web <strong>https:\/\/waifu.com.mx<\/strong> utiliza cookies propias y de terceros.<\/p>\n\n\n\n<h2 class=\"wp-block-heading has-black-color has-text-color\">\u00bfQu\u00e9 tipos de cookies utiliza este sitio web?<\/h2>\n\n\n\n<p>Cookies t\u00e9cnicas: Son aqu\u00e9llas que permiten al usuario la navegaci\u00f3n a trav\u00e9s de una p\u00e1gina web, plataforma o aplicaci\u00f3n y la utilizaci\u00f3n de las diferentes opciones o servicios que en ella existen como, por ejemplo, controlar el tr\u00e1fico y la comunicaci\u00f3n de datos, identificar la sesi\u00f3n, acceder a partes de acceso restringido, recordar los elementos que integran un pedido, realizar el proceso de compra de un pedido, realizar una solicitud de inscripci\u00f3n o participaci\u00f3n en un evento, utilizar elementos de seguridad durante la navegaci\u00f3n, almacenar contenidos para la difusi\u00f3n de videos o sonido o compartir contenidos a trav\u00e9s de las redes sociales.<\/p>\n\n\n\n<ul class=\"wp-block-list\">\n<li><strong>Cookies de personalizaci\u00f3n<\/strong>: Son aqu\u00e9llas que permiten al usuario acceder al servicio con algunas caracter\u00edsticas de car\u00e1cter general predefinidas en funci\u00f3n de una serie de criterios en el terminal del usuario como por ejemplo serian el idioma, el tipo de navegador a trav\u00e9s del cual accede al servicio. , la configuraci\u00f3n regional desde donde accedes al servicio, etc.<\/li>\n\n\n\n<li><strong>Cookies de an\u00e1lisis<\/strong>: Son aqu\u00e9llas que bien tratadas por nosotros o por terceros, nos permiten cuantificar el n\u00famero de usuarios y as\u00ed realizar la medici\u00f3n y an\u00e1lisis estad\u00edstico de la utilizaci\u00f3n que hacen los usuarios del servicio ofertado. Para ello se analiza su navegaci\u00f3n en nuestra p\u00e1gina web con el fin de mejorar la oferta de productos o servicios que le ofrecemos.<\/li>\n\n\n\n<li><strong>Cookies publicitarias<\/strong>: Son aqu\u00e9llas que bien tratadas por nosotros o por terceros, nos permiten gestionar de la forma m\u00e1s eficaz posible la oferta de los espacios publicitarios que hay en el sitio web, adecuando el contenido del anuncio al contenido del servicio solicitado. o el uso que hagas de nuestro sitio web. Para ello podemos analizar sus h\u00e1bitos de navegaci\u00f3n en Internet y podemos mostrarle publicidad relacionada con su perfil de navegaci\u00f3n.<\/li>\n\n\n\n<li><strong>Cookies de publicidad comportamental<\/strong>: Son aqu\u00e9llas que permiten la gesti\u00f3n, de la forma m\u00e1s eficaz posible, de los espacios publicitarios que, en su caso, el editor haya incluido en una p\u00e1gina web, aplicaci\u00f3n o plataforma desde la que presta el servicio solicitado. Estas cookies almacenan informaci\u00f3n del comportamiento de los usuarios obtenida a trav\u00e9s de la observaci\u00f3n continuada de sus h\u00e1bitos de navegaci\u00f3n, lo que permite desarrollar un perfil espec\u00edfico para mostrar publicidad en funci\u00f3n del mismo.<\/li>\n\n\n\n<li><strong>Cookies de terceros<\/strong>: Este sitio web <strong>https:\/\/waifu.com.mx<\/strong> puede utilizar servicios de terceros que, por cuenta de Google, recopilar\u00e1n informaci\u00f3n con fines estad\u00edsticos, de uso del site por parte del usuario y para la prestaci\u00f3n de otros servicios relacionados con la actividad del website y otros servicios de Internet.<\/li>\n<\/ul>\n\n\n\n<p>En particular, este sitio web utiliza Google Analytics, un servicio anal\u00edtico de web prestado por Google, Inc. con domicilio en Estados Unidos con sede en 1600 Amphitheatre Parkway, Mountain View, California 94043. Para la prestaci\u00f3n de estos servicios, Google utiliza Cookies que recopilan informaci\u00f3n , incluida la direcci\u00f3n IP del usuario, que ser\u00e1 transmitida, tratada y almacenada por Google en los t\u00e9rminos expuestos en el sitio web Google.com. Esto incluye la posible transmisi\u00f3n de dicha informaci\u00f3n a terceros por exigencias legales o cuando dichos terceros procesen la informaci\u00f3n por cuenta de Google.<\/p>\n\n\n\n<h2 class=\"wp-block-heading has-black-color has-text-color\">GESTIONAR Y RECHAZAR EL USO DE COOKIES<\/h2>\n\n\n\n<p>En cualquier momento, puedes adaptar la configuraci\u00f3n de tu navegador para gestionar, rechazar el uso de cookies y ser avisado antes de que se descarguen.<br><br>Tambi\u00e9n puede adaptar la configuraci\u00f3n para que el navegador rechace todas las cookies, o solo las de terceros. Y tambi\u00e9n puede eliminar cualquiera de las cookies que ya est\u00e1n en su computadora.<br><br>Para ello, debe tener en cuenta que deber\u00e1 adaptar por separado la configuraci\u00f3n de cada navegador y equipo que utilice ya que, como hemos comentado anteriormente, las cookies se asocian al navegador, no a la persona.<br><br>Google Chrome <a href=\"https:\/\/support.google.com\/chrome\/answer\/95647?hl=es-419\" target=\"_blank\" rel=\"noreferrer noopener\">https:\/\/support.google.com\/chrome\/answer\/95647?hl=en-419<\/a><br><br>explorador de Internet <a href=\"https:\/\/support.microsoft.com\/es-es\/help\/17442\/windows-internet-explorer-delete-manage-cookies#ie=ie-10\" target=\"_blank\" rel=\"noreferrer noopener\">https:\/\/support.microsoft.com\/en-us\/help\/17442\/windows-internet-explorer-delete-manage-cookies#ie=ie-10<\/a><br><br>Mozilla Firefox <a href=\"https:\/\/support.mozilla.org\/es\/kb\/habilitar-y-deshabilitar-cookies-sitios-web-rastrear-predamientos?redirectlocale=es&amp;redirectslug=habilitar-y-deshabilitar-cookies-que-los-sitios- we\" target=\"_blank\" rel=\"noreferrer noopener\">https:\/\/support.mozilla.org\/en-US\/kb\/clear-cookies-and-site-data-firefox<\/a><br><br>safari de manzana <a href=\"https:\/\/support.apple.com\/es-es\/HT201265\" target=\"_blank\" rel=\"noreferrer noopener\">https:\/\/support.apple.com\/en-us\/HT201265<\/a><br><br>Si tiene alguna pregunta sobre esto <strong>Pol\u00edtica de cookies<\/strong>, puede ponerse en contacto con nosotros enviando un correo electr\u00f3nico a <a href=\"mailto:info@waifu.com.mx\" target=\"_blank\" rel=\"noreferrer noopener\">info@waifu.com.mx<\/a>.<\/p>\n\n\n<div class=\"wp-block-image\">\n<figure class=\"aligncenter size-large is-resized\"><img fetchpriority=\"high\" decoding=\"async\" src=\"https:\/\/www.waifu.com.mx\/wp-content\/uploads\/2023\/05\/WaifuMX-Logo-1024x1024.png\" alt=\"WaifuMX - Logo\" class=\"wp-image-412\" width=\"256\" height=\"256\" srcset=\"https:\/\/www.waifu.com.mx\/wp-content\/uploads\/2023\/05\/WaifuMX-Logo-1024x1024.png 1024w, https:\/\/www.waifu.com.mx\/wp-content\/uploads\/2023\/05\/WaifuMX-Logo-300x300.png 300w, https:\/\/www.waifu.com.mx\/wp-content\/uploads\/2023\/05\/WaifuMX-Logo-100x100.png 100w, https:\/\/www.waifu.com.mx\/wp-content\/uploads\/2023\/05\/WaifuMX-Logo-600x600.png 600w, https:\/\/www.waifu.com.mx\/wp-content\/uploads\/2023\/05\/WaifuMX-Logo-150x150.png 150w, https:\/\/www.waifu.com.mx\/wp-content\/uploads\/2023\/05\/WaifuMX-Logo-768x768.png 768w, https:\/\/www.waifu.com.mx\/wp-content\/uploads\/2023\/05\/WaifuMX-Logo-128x128.png 128w, https:\/\/www.waifu.com.mx\/wp-content\/uploads\/2023\/05\/WaifuMX-Logo-64x64.png 64w, https:\/\/www.waifu.com.mx\/wp-content\/uploads\/2023\/05\/WaifuMX-Logo.png 1040w\" sizes=\"(max-width: 256px) 100vw, 256px\" \/><\/figure>\n<\/div>","protected":false},"excerpt":{"rendered":"<p>Si quieres saber m\u00e1s sobre el uso de cookies que hace este sitio web https:\/\/waifu.com.mx, est\u00e1s en el lugar indicado. A continuaci\u00f3n, vamos a explicar qu\u00e9 son exactamente las cookies; qu\u00e9 tipo de cookies utilizamos y para\u2026 <a class=\"kt-excerpt-readmore more-link\" href=\"https:\/\/www.waifu.com.mx\/es\/cookies-policy\/\">Leer m\u00e1s<\/a><\/p>","protected":false},"author":1,"featured_media":0,"parent":0,"menu_order":0,"comment_status":"closed","ping_status":"closed","template":"","meta":{"kt_blocks_editor_width":"","yasr_overall_rating":0,"yasr_post_is_review":"","yasr_auto_insert_disabled":"","yasr_review_type":"","footnotes":""},"class_list":["post-357","page","type-page","status-publish","hentry"],"yasr_visitor_votes":{"stars_attributes":{"read_only":true,"span_bottom":"<div class='yasr-small-block-bold'><span class='yasr-visitor-votes-must-sign-in'>You must sign in to vote<\/span><\/div>"},"number_of_votes":0,"sum_votes":0},"yoast_head":"<!-- This site is optimized with the Yoast SEO plugin v27.4 - https:\/\/yoast.com\/product\/yoast-seo-wordpress\/ -->\n<title>Cookies Policy - Waifu.com.mx<\/title>\n<meta name=\"description\" content=\"If you want to know more about the use of cookies made by this website https:\/\/waifu.com.mx, you are in the right place. Next, we are going to explain\" \/>\n<meta name=\"robots\" content=\"noindex, nofollow\" \/>\n<meta property=\"og:locale\" content=\"es_ES\" \/>\n<meta property=\"og:type\" content=\"article\" \/>\n<meta property=\"og:title\" content=\"Cookies Policy - Waifu.com.mx\" \/>\n<meta property=\"og:description\" content=\"If you want to know more about the use of cookies made by this website https:\/\/waifu.com.mx, you are in the right place. Next, we are going to explain\" \/>\n<meta property=\"og:url\" content=\"https:\/\/www.waifu.com.mx\/es\/cookies-policy\/\" \/>\n<meta property=\"og:site_name\" content=\"Waifu.com.mx\" \/>\n<meta property=\"article:modified_time\" content=\"2023-05-15T21:22:13+00:00\" \/>\n<meta property=\"og:image\" content=\"https:\/\/www.waifu.com.mx\/wp-content\/uploads\/2023\/05\/WaifuMX-Logo-1024x1024.png\" \/>\n<meta name=\"twitter:card\" content=\"summary_large_image\" \/>\n<meta name=\"twitter:label1\" content=\"Tiempo de lectura\" \/>\n\t<meta name=\"twitter:data1\" content=\"6 minutos\" \/>\n<script type=\"application\/ld+json\" class=\"yoast-schema-graph\">{\"@context\":\"https:\\\/\\\/schema.org\",\"@graph\":[{\"@type\":\"WebPage\",\"@id\":\"https:\\\/\\\/www.waifu.com.mx\\\/cookies-policy\\\/\",\"url\":\"https:\\\/\\\/www.waifu.com.mx\\\/cookies-policy\\\/\",\"name\":\"Cookies Policy - Waifu.com.mx\",\"isPartOf\":{\"@id\":\"https:\\\/\\\/www.waifu.com.mx\\\/#website\"},\"primaryImageOfPage\":{\"@id\":\"https:\\\/\\\/www.waifu.com.mx\\\/cookies-policy\\\/#primaryimage\"},\"image\":{\"@id\":\"https:\\\/\\\/www.waifu.com.mx\\\/cookies-policy\\\/#primaryimage\"},\"thumbnailUrl\":\"https:\\\/\\\/www.waifu.com.mx\\\/wp-content\\\/uploads\\\/2023\\\/05\\\/WaifuMX-Logo-1024x1024.png\",\"datePublished\":\"2017-02-19T04:56:13+00:00\",\"dateModified\":\"2023-05-15T21:22:13+00:00\",\"description\":\"If you want to know more about the use of cookies made by this website https:\\\/\\\/waifu.com.mx, you are in the right place. Next, we are going to explain\",\"breadcrumb\":{\"@id\":\"https:\\\/\\\/www.waifu.com.mx\\\/cookies-policy\\\/#breadcrumb\"},\"inLanguage\":\"es\",\"potentialAction\":[{\"@type\":\"ReadAction\",\"target\":[\"https:\\\/\\\/www.waifu.com.mx\\\/cookies-policy\\\/\"]}]},{\"@type\":\"ImageObject\",\"inLanguage\":\"es\",\"@id\":\"https:\\\/\\\/www.waifu.com.mx\\\/cookies-policy\\\/#primaryimage\",\"url\":\"https:\\\/\\\/www.waifu.com.mx\\\/wp-content\\\/uploads\\\/2023\\\/05\\\/WaifuMX-Logo-1024x1024.png\",\"contentUrl\":\"https:\\\/\\\/www.waifu.com.mx\\\/wp-content\\\/uploads\\\/2023\\\/05\\\/WaifuMX-Logo-1024x1024.png\"},{\"@type\":\"BreadcrumbList\",\"@id\":\"https:\\\/\\\/www.waifu.com.mx\\\/cookies-policy\\\/#breadcrumb\",\"itemListElement\":[{\"@type\":\"ListItem\",\"position\":1,\"name\":\"Inicio\",\"item\":\"https:\\\/\\\/www.waifu.com.mx\\\/\"},{\"@type\":\"ListItem\",\"position\":2,\"name\":\"Cookies Policy\"}]},{\"@type\":\"WebSite\",\"@id\":\"https:\\\/\\\/www.waifu.com.mx\\\/#website\",\"url\":\"https:\\\/\\\/www.waifu.com.mx\\\/\",\"name\":\"Waifu.com.mx\",\"description\":\"The World of Waifus\",\"publisher\":{\"@id\":\"https:\\\/\\\/www.waifu.com.mx\\\/#\\\/schema\\\/person\\\/8141fcd018d1f940fa517e0aadc58dd8\"},\"potentialAction\":[{\"@type\":\"SearchAction\",\"target\":{\"@type\":\"EntryPoint\",\"urlTemplate\":\"https:\\\/\\\/www.waifu.com.mx\\\/?s={search_term_string}\"},\"query-input\":{\"@type\":\"PropertyValueSpecification\",\"valueRequired\":true,\"valueName\":\"search_term_string\"}}],\"inLanguage\":\"es\"},{\"@type\":[\"Person\",\"Organization\"],\"@id\":\"https:\\\/\\\/www.waifu.com.mx\\\/#\\\/schema\\\/person\\\/8141fcd018d1f940fa517e0aadc58dd8\",\"name\":\"RyvenMx\",\"image\":{\"@type\":\"ImageObject\",\"inLanguage\":\"es\",\"@id\":\"https:\\\/\\\/www.waifu.com.mx\\\/wp-content\\\/uploads\\\/2023\\\/05\\\/WaifuMX-Logo.png\",\"url\":\"https:\\\/\\\/www.waifu.com.mx\\\/wp-content\\\/uploads\\\/2023\\\/05\\\/WaifuMX-Logo.png\",\"contentUrl\":\"https:\\\/\\\/www.waifu.com.mx\\\/wp-content\\\/uploads\\\/2023\\\/05\\\/WaifuMX-Logo.png\",\"width\":1040,\"height\":1040,\"caption\":\"RyvenMx\"},\"logo\":{\"@id\":\"https:\\\/\\\/www.waifu.com.mx\\\/wp-content\\\/uploads\\\/2023\\\/05\\\/WaifuMX-Logo.png\"},\"sameAs\":[\"http:\\\/\\\/waifu.com.mx\"]},false]}<\/script>\n<!-- \/ Yoast SEO plugin. -->","yoast_head_json":{"title":"Pol\u00edtica de Cookies - Waifu.com.mx","description":"Si desea saber m\u00e1s sobre el uso de cookies que realiza este sitio web https:\/\/waifu.com.mx, est\u00e1 en el lugar correcto. A continuaci\u00f3n, le explicaremos.","robots":{"index":"noindex","follow":"nofollow"},"og_locale":"es_ES","og_type":"article","og_title":"Cookies Policy - Waifu.com.mx","og_description":"If you want to know more about the use of cookies made by this website https:\/\/waifu.com.mx, you are in the right place. Next, we are going to explain","og_url":"https:\/\/www.waifu.com.mx\/es\/cookies-policy\/","og_site_name":"Waifu.com.mx","article_modified_time":"2023-05-15T21:22:13+00:00","og_image":[{"url":"https:\/\/www.waifu.com.mx\/wp-content\/uploads\/2023\/05\/WaifuMX-Logo-1024x1024.png","type":"","width":"","height":""}],"twitter_card":"summary_large_image","twitter_misc":{"Tiempo de lectura":"6 minutos"},"schema":{"@context":"https:\/\/schema.org","@graph":[{"@type":"WebPage","@id":"https:\/\/www.waifu.com.mx\/cookies-policy\/","url":"https:\/\/www.waifu.com.mx\/cookies-policy\/","name":"Pol\u00edtica de Cookies - Waifu.com.mx","isPartOf":{"@id":"https:\/\/www.waifu.com.mx\/#website"},"primaryImageOfPage":{"@id":"https:\/\/www.waifu.com.mx\/cookies-policy\/#primaryimage"},"image":{"@id":"https:\/\/www.waifu.com.mx\/cookies-policy\/#primaryimage"},"thumbnailUrl":"https:\/\/www.waifu.com.mx\/wp-content\/uploads\/2023\/05\/WaifuMX-Logo-1024x1024.png","datePublished":"2017-02-19T04:56:13+00:00","dateModified":"2023-05-15T21:22:13+00:00","description":"Si desea saber m\u00e1s sobre el uso de cookies que realiza este sitio web https:\/\/waifu.com.mx, est\u00e1 en el lugar correcto. A continuaci\u00f3n, le explicaremos.","breadcrumb":{"@id":"https:\/\/www.waifu.com.mx\/cookies-policy\/#breadcrumb"},"inLanguage":"es","potentialAction":[{"@type":"ReadAction","target":["https:\/\/www.waifu.com.mx\/cookies-policy\/"]}]},{"@type":"ImageObject","inLanguage":"es","@id":"https:\/\/www.waifu.com.mx\/cookies-policy\/#primaryimage","url":"https:\/\/www.waifu.com.mx\/wp-content\/uploads\/2023\/05\/WaifuMX-Logo-1024x1024.png","contentUrl":"https:\/\/www.waifu.com.mx\/wp-content\/uploads\/2023\/05\/WaifuMX-Logo-1024x1024.png"},{"@type":"BreadcrumbList","@id":"https:\/\/www.waifu.com.mx\/cookies-policy\/#breadcrumb","itemListElement":[{"@type":"ListItem","position":1,"name":"Inicio","item":"https:\/\/www.waifu.com.mx\/"},{"@type":"ListItem","position":2,"name":"Cookies Policy"}]},{"@type":"WebSite","@id":"https:\/\/www.waifu.com.mx\/#website","url":"https:\/\/www.waifu.com.mx\/","name":"Waifu.com.mx","description":"El mundo de las Waifus","publisher":{"@id":"https:\/\/www.waifu.com.mx\/#\/schema\/person\/8141fcd018d1f940fa517e0aadc58dd8"},"potentialAction":[{"@type":"SearchAction","target":{"@type":"EntryPoint","urlTemplate":"https:\/\/www.waifu.com.mx\/?s={search_term_string}"},"query-input":{"@type":"PropertyValueSpecification","valueRequired":true,"valueName":"search_term_string"}}],"inLanguage":"es"},{"@type":["Person","Organization"],"@id":"https:\/\/www.waifu.com.mx\/#\/schema\/person\/8141fcd018d1f940fa517e0aadc58dd8","name":"ryvenmx","image":{"@type":"ImageObject","inLanguage":"es","@id":"https:\/\/www.waifu.com.mx\/wp-content\/uploads\/2023\/05\/WaifuMX-Logo.png","url":"https:\/\/www.waifu.com.mx\/wp-content\/uploads\/2023\/05\/WaifuMX-Logo.png","contentUrl":"https:\/\/www.waifu.com.mx\/wp-content\/uploads\/2023\/05\/WaifuMX-Logo.png","width":1040,"height":1040,"caption":"RyvenMx"},"logo":{"@id":"https:\/\/www.waifu.com.mx\/wp-content\/uploads\/2023\/05\/WaifuMX-Logo.png"},"sameAs":["http:\/\/waifu.com.mx"]},false]}},"_links":{"self":[{"href":"https:\/\/www.waifu.com.mx\/es\/wp-json\/wp\/v2\/pages\/357","targetHints":{"allow":["GET"]}}],"collection":[{"href":"https:\/\/www.waifu.com.mx\/es\/wp-json\/wp\/v2\/pages"}],"about":[{"href":"https:\/\/www.waifu.com.mx\/es\/wp-json\/wp\/v2\/types\/page"}],"author":[{"embeddable":true,"href":"https:\/\/www.waifu.com.mx\/es\/wp-json\/wp\/v2\/users\/1"}],"replies":[{"embeddable":true,"href":"https:\/\/www.waifu.com.mx\/es\/wp-json\/wp\/v2\/comments?post=357"}],"version-history":[{"count":2,"href":"https:\/\/www.waifu.com.mx\/es\/wp-json\/wp\/v2\/pages\/357\/revisions"}],"predecessor-version":[{"id":1764,"href":"https:\/\/www.waifu.com.mx\/es\/wp-json\/wp\/v2\/pages\/357\/revisions\/1764"}],"wp:attachment":[{"href":"https:\/\/www.waifu.com.mx\/es\/wp-json\/wp\/v2\/media?parent=357"}],"curies":[{"name":"gracias","href":"https:\/\/api.w.org\/{rel}","templated":true}]}}