{"id":4746,"date":"2023-05-27T14:43:46","date_gmt":"2023-05-27T19:43:46","guid":{"rendered":"https:\/\/www.waifu.com.mx\/terms-and-conditions\/"},"modified":"2023-05-27T14:43:46","modified_gmt":"2023-05-27T19:43:46","slug":"terms-and-conditions","status":"publish","type":"page","link":"https:\/\/www.waifu.com.mx\/es\/terms-and-conditions\/","title":{"rendered":"T\u00e9rminos y condiciones"},"content":{"rendered":"<!-- This legal document was generated by Complianz Terms &amp; Conditions https:\/\/wordpress.org\/plugins\/complianz-terms-conditions -->\n<div id=\"cmplz-document\" class=\"cmplz-document cmplz-terms-conditions\"><p><i>Los t\u00e9rminos y condiciones se actualizaron por \u00faltima vez el 27 de mayo de 2023<\/i><\/p><h2>1. Introducci\u00f3n<\/h2><p>Estos T\u00e9rminos y condiciones se aplican a este sitio web ya las transacciones relacionadas con nuestros productos y servicios. Usted puede estar obligado por contratos adicionales relacionados con su relaci\u00f3n con nosotros o con cualquier producto o servicio que reciba de nosotros. Si alguna de las disposiciones de los contratos adicionales entra en conflicto con alguna de las disposiciones de estas Condiciones, prevalecer\u00e1n las disposiciones de estos contratos adicionales.<\/p><h2>2. Vinculacion<\/h2><p>Al registrarse en este sitio web, acceder a \u00e9l o utilizarlo de cualquier otro modo, usted acepta someterse a las condiciones que se exponen a continuaci\u00f3n. El mero uso de este sitio web implica el conocimiento y la aceptaci\u00f3n de estos T\u00e9rminos y condiciones. En algunos casos particulares, tambi\u00e9n podemos pedirle que lo acepte limpiamente.<\/p><h2>3. Comunicacion electronica <\/h2><p>Al utilizar este sitio web o comunicarse con nosotros por medios electr\u00f3nicos, usted acepta y reconoce que podemos comunicarnos con usted electr\u00f3nicamente en nuestro sitio web o enviarle un correo electr\u00f3nico, y acepta que todos los acuerdos, avisos, divulgaciones y otras comunicaciones que le proporcionemos electr\u00f3nicamente satisfacen cualquier requisito legal, incluido, entre otros, el requisito de que dichas comunicaciones sean por escrito.<\/p><h2>4. Propiedad Intelectual <\/h2><p>Nosotros o nuestros licenciantes poseemos y controlamos todos los derechos de autor y otros derechos de propiedad intelectual en el sitio web, y los datos, la informaci\u00f3n y otros recursos mostrados por o accesibles dentro del sitio web.<\/p><p class=\"cmplz-subtitle\">4.1 Creative Commons<\/p><p>El contenido de este sitio web est\u00e1 disponible bajo una licencia Creative commons - Atribuci\u00f3n, a menos que se especifica lo contrario.<\/p><h2>5. Propiedad de terceros<\/h2><p>Nuestro sitio web puede incluir hiperv\u00ednculos u otras referencias a sitios web de terceros. No controlamos ni revisamos el contenido de los sitios web de terceros a los que se accede desde este sitio web. Los productos o servicios ofrecidos por otros sitios web estar\u00e1n sujetos a los T\u00e9rminos y Condiciones aplicables de esos terceros. Las opiniones expresadas o el material que aparece en esos sitios web no son compartidos o respaldados por nosotros.<\/p><p>No seremos responsables de las pr\u00e1cticas de privacidad o del contenido de estos sitios. Usted asume todos los riesgos asociados al uso de estos sitios web y de cualquier servicio de terceros relacionado. No aceptaremos ninguna responsabilidad por cualquier p\u00e9rdida o da\u00f1o, sea cual sea la forma en que se produzca, que resulte de la divulgaci\u00f3n por su parte de informaci\u00f3n personal a terceros.<\/p><h2>6. Uso responsable<\/h2><p>Al visitar nuestro sitio web, usted se compromete a utilizarlo s\u00f3lo para las multas previstas y seg\u00fan lo permitido por estos t\u00e9rminos, cualquier contrato adicional con nosotros, y aplicables leyes, reglamentos y pr\u00e1cticas en l\u00ednea generalmente aceptadas y directrices de la industria. No debe usar nuestro sitio web o nuestros servicios para utilizar, publicar o distribuir cualquier material que consista en (o est\u00e9 vinculado a) software inform\u00e1tico malicioso; utilizar los datos recopilados en nuestro sitio web para cualquier actividad de marketing directo, o llevar a cabo cualquier actividad de recopilaci\u00f3n de datos sistem\u00e1tica o automatizada en o en relaci\u00f3n con nuestro sitio web.<\/p><p>Est\u00e1 estrictamente prohibido realizar cualquier actividad que provoque o pueda provocar da\u00f1os en el sitio web o que interfiera en su funcionamiento, disponibilidad o accesibilidad.<\/p><h2>7. Registro<\/h2><p>Puede registrarse para obtener una cuenta en nuestro sitio web. Durante este proceso, es posible que se le pida que elija una contrase\u00f1a. Usted es responsable de mantener la confidencialidad de las contrase\u00f1as y la informaci\u00f3n de la cuenta y se compromete a no compartir sus contrase\u00f1as, la informaci\u00f3n de la cuenta o el acceso seguro a nuestro sitio web o servicios con ninguna otra persona. No debe permitir que ninguna otra persona use su cuenta para acceder al sitio web porque usted es responsable de todas las actividades que ocurren a trav\u00e9s del uso de sus contrase\u00f1as o cuentas. Debe notificarnos inmediatamente si tiene conocimiento de la divulgaci\u00f3n de su contrase\u00f1a.<\/p><p>Despu\u00e9s de la cancelaci\u00f3n de la cuenta, usted no intentar\u00e1 registrar una nueva cuenta sin nuestro permiso. <\/p><h2>8. Pol\u00edtica de Devoluciones y Reembolsos<\/h2><p class=\"cmplz-subtitle\">8.1 Derecho de desistimiento<\/p><p>Tiene derecho a rescindir el contrato en un plazo de 14 d\u00edas sin indicar el motivo.<\/p><p>El plazo de desistimiento expirar\u00e1 transcurridos 14 d\u00edas desde la celebraci\u00f3n del contrato.<\/p><p>Para ejercer el derecho de desistimiento, debe informarnos de su decisi\u00f3n de desistir de este contrato mediante una declaraci\u00f3n inequ\u00edvoca (por ejemplo, una carta enviada por correo, fax o correo electr\u00f3nico). A continuaci\u00f3n encontrar\u00e1 nuestros datos de contacto. Puedes usar el modelo adjunto. <a target=\"_blank\" href=\"https:\/\/www.waifu.com.mx\/wp-content\/uploads\/complianz\/withdrawal-forms\/withdrawal-form-es.pdf\">formulario de desistimiento<\/a>, pero no es obligatorio.<\/p><p>Si utiliza esta opci\u00f3n, le comunicaremos sin demora un acuse de recibo de dicho desistimiento en un soporte duradero (por ejemplo, por correo electr\u00f3nico).<\/p><p>Para cumplir el plazo de desistimiento, basta con que env\u00ede su comunicaci\u00f3n sobre el ejercicio del derecho de desistimiento antes de que expire el plazo de desistimiento.<\/p><p class=\"cmplz-subtitle\">8.2 Consecuencias de la retirada <\/p><p>Si rescindes el contrato, te reembolsaremos todos los pagos que hayamos recibido, incluidos los gastos de entrega (a excepci\u00f3n de los gastos suplementarios resultados de tu elecci\u00f3n de un tipo de entrega distinto al tipo de entrega est\u00e1ndar menos costos que ofrecemos), sin ninguna demora indebida y, en cualquier caso, a m\u00e1s tardar en 14 d\u00edas a partir del d\u00eda en que se nos informe de su decisi\u00f3n de rescindir el contrato. Realizaremos dicho reembolso utilizando el mismo medio de pago que usted obtuvo para las transacciones iniciales, a menos que haya acordado expresamente lo contrario; en cualquier caso, usted no incurrir\u00e1 en ninguna comisi\u00f3n como resultado de dicho reembolso.<\/p><p>Si ha solicitado el inicio de la ejecuci\u00f3n de los servicios durante el per\u00edodo de desistimiento, deber\u00e1 abonarnos una importaci\u00f3n proporcional a lo prestado hasta que nos haya comunicado su desistimiento de este contrato, en comparaci\u00f3n con la cobertura total del mismo.<\/p><p>Por favor, ten en cuenta que hay algunas excepciones legales al derecho de desistimiento y, por tanto, algunos art\u00edculos no se pueden devolver o cambiar. Le informaremos si esto se aplica a su caso particular.<\/p><h2>9. Env\u00edo de ideas<\/h2><p>No env\u00ede ideas, inventos, trabajos de autor\u00eda u otra informaci\u00f3n que pueda requerir su propia propiedad intelectual y que le gustar\u00eda presentarnos, a menos que primero hayamos firmado un acuerdo con respecto a la propiedad intelectual o un acuerdo de no divulgaci\u00f3n. Si nos lo comunicamos en ausencia de dicho acuerdo por escrito mundial, nos concedemos una licencia, irrevocable, no exclusiva y libre de derechos de autor para utilizar, reproducir, conservar, adaptar, publicar, traducir y distribuir su contenido en cualquier medio existente o futuro .<\/p><h2>10. Terminaci\u00f3n de uso <\/h2><p>Podemos, a nuestra entera discreci\u00f3n, modificar o interrumpir en cualquier momento el acceso, temporal o permanentemente, al sitio web o un Servicio del mismo. Usted acepta que no seremos responsables ante usted ni ante ning\u00fan tercero por cualquier modificaci\u00f3n, suspensi\u00f3n o interrupci\u00f3n de su acceso o uso del sitio web o de cualquier contenido que pueda haber compartido en el sitio web. Usted no tendr\u00e1 derecho a ninguna compensaci\u00f3n ni a ning\u00fan otro pago, ni siquiera si se pierden de forma permanente determinadas funciones, configuraciones y\/o cualquier Contenido con el que haya contribuido o en el que haya confiado. No debe eludir o evitar, o intentar eludir o evitar, cualquier medida de restricci\u00f3n de acceso en nuestro sitio web.<\/p><h2>11. Garant\u00edas y responsabilidad<\/h2><p>Nada de lo dispuesto en esta secci\u00f3n limitar\u00e1 o suprimir\u00e1 cualquier garant\u00eda impl\u00edcita por ley que fuera ilegal limitar o suprimir. Este sitio web y todo su contenido se garantiza &quot;tal cual&quot; y &quot;seg\u00fan disponibilidad&quot; y pueden incluir inexactitudes o errores tipogr\u00e1ficos. Renunciamos expresamente a toda garant\u00eda de cualquier tipo, ya sea expresa o impl\u00edcita, en cuanto a la disponibilidad, precisi\u00f3n o integridad del Contenido. No garantizamos que:<\/p><p><ul>\n                    <li>este sitio web o nuestros contenidos cumplir\u00e1n con sus necesidades;<\/li>\n                    <li>este sitio web estar\u00e1 disponible de forma ininterrumpida, oportuna, segura o sin errores.<\/li>\n        <\/ul><\/p><p>Nada de lo contenido en este sitio web constituye o pretende constituir un asesoramiento jur\u00eddico, financiero o m\u00e9dico de ning\u00fan tipo. Si necesita asesoramiento, debe consultar a un profesional adecuado.<\/p><p>Las siguientes disposiciones de esta secci\u00f3n se aplicar\u00e1n en la medida m\u00e1xima permitida por la ley aplicable y no limitar\u00e1n ni eliminar\u00e1n nuestra responsabilidad con respecto a cualquier asunto que ser\u00eda il\u00edcito o ilegal para nosotros limitar o eliminar nuestra responsabilidad. En ning\u00fan caso seremos responsables de cualquier da\u00f1o directo o indirecto (incluyendo cualquier da\u00f1o por p\u00e9rdida de beneficios o ingresos, p\u00e9rdida o corrupci\u00f3n de datos, software o base de datos, o p\u00e9rdida o da\u00f1o a la propiedad oa los datos) incurridos por usted o por cualquier tercero, que surja de su acceso o uso de nuestro sitio web.<\/p><p>Salvo en la medida en que cualquier contrato adicional establezca expresamente lo contrario, nuestra responsabilidad m\u00e1xima hacia usted por todos los da\u00f1os que surjan o est\u00e9n relacionados con el sitio web o con cualquier producto o servicio comercializado o vendido a trav\u00e9s del sitio web, independientemente de la forma de acci\u00f3n legal que imponga la responsabilidad (ya sea por contrato, equidad, negligencia, conducta intencionada, agravio o cualquier otra forma) se limitar\u00e1 al precio total que usted nos pag\u00f3 para comprar dichos productos o servicios o utilizar el sitio web. Dicho l\u00edmite se aplicar\u00e1 en conjunto a todas sus reclamaciones, acciones y causas de acci\u00f3n de cualquier tipo y naturaleza.<\/p><h2>12. Privacidad<\/h2><p>Para acceder a nuestro sitio web y\/o servicios, es posible que se le pida que proporcione cierta informaci\u00f3n sobre usted como parte del proceso de registro. Usted se compromete a que toda la informaci\u00f3n que proporci\u00f3n sea siempre precisa, correcta y actualizada.<\/p><p>Hemos desarrollado una pol\u00edtica para abordar cualquier preocupaci\u00f3n sobre la privacidad que pueda tener. Para obtener m\u00e1s informaci\u00f3n, consulte nuestro <a href=\"https:\/\/www.waifu.com.mx\/es\/privacy-policy\/\">Declaraci\u00f3n de privacidad<\/a> y nuestro <a href=\"https:\/\/www.waifu.com.mx\/es\/cookie-policy-eu\/\">Pol\u00edtica de cookies<\/a>.<\/p><h2>13. Restricciones a la exportaci\u00f3n \/ Cumplimiento legal<\/h2><p>Se proh\u00edbe el acceso al sitio web desde territorios o pa\u00edses donde el Contenido o la compra de los productos o Servicios vendidos en el sitio web es ilegal. No puede utilizar este sitio web infringiendo las leyes y reglamentos de exportaci\u00f3n de M\u00e9xico.<\/p><h2>14. Comercializaci\u00f3n de afiliados<\/h2><p>A trav\u00e9s de este sitio web podemos realizar actividades de marketing de afiliaci\u00f3n por las que recibimos un porcentaje o una comisi\u00f3n por la venta de servicios o productos en este sitio web oa trav\u00e9s de \u00e9l. Tambi\u00e9n podemos aceptar patrocinios u otras formas de compensaci\u00f3n publicitaria de empresas. Esta informaci\u00f3n pretende cumplir con los requisitos legales sobre marketing y publicidad que pueden ser de aplicaci\u00f3n, como las normas de la Comisi\u00f3n Federal de Comercio de Estados Unidos.<\/p><h2>15. Asignaci\u00f3n<\/h2><p>Usted no puede ceder, transferir o subcontratar ninguno de sus derechos y\/u obligaciones en virtud de estos T\u00e9rminos y condiciones, en su totalidad o en parte, a ning\u00fan tercero sin nuestro consentimiento previo por escrito. Cualquier supuesta asignaci\u00f3n en violaci\u00f3n de esta secci\u00f3n ser\u00e1 nula y sin efecto.<\/p><h2>16. Incumplimiento de estos T\u00e9rminos y condiciones <\/h2><p>Sin perjuicio de los dem\u00e1s derechos que nos asisten en virtud de los presentes T\u00e9rminos y Condiciones, si usted incumple estos T\u00e9rminos y Condiciones de cualquier manera, podremos tomar las medidas que consideremos oportunas para hacer frente al incumplimiento, incluyendo la suspensi\u00f3n temporal o permanente de su acceso al sitio web, poni\u00e9ndonos en contacto con su proveedor de servicios de Internet para solicitarle que bloquee su acceso al sitio web, y\/o iniciar acciones legales contra usted.<\/p><h2>17. Indemnizaci\u00f3n<\/h2><p>Usted se compromete a indemnizarnos, defendernos y eximirnos de toda reclamaci\u00f3n, responsabilidad, da\u00f1os, p\u00e9rdidas y gastos de privacidad, relacionados con la violaci\u00f3n de estas condiciones y de las leyes aplicables, incluidos los derechos de propiedad intelectual y los derechos de propiedad intelectual. Usted nos reembolsar\u00e1 sin demora los da\u00f1os, p\u00e9rdidas, costes y gastos relacionados con dichas reclamaciones o derivados de ellas.<\/p><h2>18. Renuncia <\/h2><p>El incumplimiento de cualquiera de las disposiciones establecidas en estos T\u00e9rminos y condiciones y en cualquier Acuerdo, o la falta de ejercicio de cualquier opci\u00f3n de interrupci\u00f3n, no se interpretar\u00e1 como una renuncia a dichas disposiciones y no afectar\u00e1 a la validez de estos T\u00e9rminos y Condiciones o de cualquier Acuerdo o cualquier parte del mismo, ni al derecho posterior de hacer cumplir todas y cada una de las disposiciones.<\/p><h2>19. Idioma<\/h2><p>Estos T\u00e9rminos y Condiciones se interpretar\u00e1n y analizar\u00e1n exclusivamente en Ingl\u00e9s y Espa\u00f1ol; castellano. Todas las notificaciones y la correspondencia se redactar\u00e1n exclusivamente en ese idioma. <\/p><h2>20. Acuerdo completo<\/h2><p>Estos T\u00e9rminos y Condiciones, junto con nuestra <a href=\"https:\/\/www.waifu.com.mx\/es\/privacy-policy\/\">declaraci\u00f3n de privacidad<\/a> y <a href=\"https:\/\/www.waifu.com.mx\/es\/cookie-policy-eu\/\">pol\u00edtica de cookies<\/a>, constituyen el acuerdo completo entre usted y Alejandro R. Nava en relaci\u00f3n con el uso de este sitio web.<\/p><h2>21. Actualizaci\u00f3n de los presentes T\u00e9rminos y Condiciones<\/h2><p>Es posible que actualicemos estos T\u00e9rminos y Condiciones de vez en cuando. Es su obligaci\u00f3n revisar peri\u00f3dicamente estos T\u00e9rminos y Condiciones para ver si hay cambios o actualizaciones. La fecha indicada al principio de estas Condiciones Generales es la \u00faltima fecha de revisi\u00f3n. Los cambios a estos T\u00e9rminos y Condiciones entrar\u00e1n en vigencia cuando dichos cambios se publiquen en este sitio web. El uso continuado de este sitio web tras la publicaci\u00f3n de cambios o actualizaciones se considerar\u00e1 un aviso de su aceptaci\u00f3n de cumplir y estar sujeto a estos T\u00e9rminos y Condiciones.<\/p><h2>22. Elecci\u00f3n de ley y jurisdicci\u00f3n <\/h2><p>Estos T\u00e9rminos y Condiciones se regir\u00e1n por las leyes de M\u00e9xico. Cualquier disputa relacionada con estos T\u00e9rminos y Condiciones estar\u00e1 sujeta a la jurisdicci\u00f3n de los tribunales de M\u00e9xico. Si un tribunal u otra autoridad considera que alguna parte o disposici\u00f3n de estos T\u00e9rminos y Condiciones es inv\u00e1lida y\/o inaplicable en virtud de la legislaci\u00f3n vigente, dicha parte o disposici\u00f3n ser\u00e1 modificada, eliminada y\/o aplicada en la mayor medida permitida para hacer efectivo la intenci\u00f3n de estos T\u00e9rminos y Condiciones. Las dem\u00e1s disposiciones no se ver\u00e1n afectadas.<\/p><h2>23. Informaci\u00f3n del contacto<\/h2><p>Este sitio web es propiedad y est\u00e1 gestionado por Alejandro R. Nava.<\/p><p>Puedes contactar con nosotros en relaci\u00f3n a estos t\u00e9rminos y condiciones escribi\u00e9ndonos o envi\u00e1ndonos un correo electr\u00f3nico a la siguiente direcci\u00f3n: in&#102;&#111;&#064;wai&#102;&#117;&#046;com.&#109;x<br>Ricardo Zerme\u00f1o 1330, Zapopan, Jalisco. 45079.<\/p><h2>24. Descargar<\/h2><p>Tambi\u00e9n puedes <a href=\"https:\/\/www.waifu.com.mx\/wp-content\/plugins\/complianz-terms-conditions\/download.php\">descargar<\/a> Nuestros T\u00e9rminos y Condiciones en formato PDF.<\/p><\/div>","protected":false},"excerpt":{"rendered":"","protected":false},"author":1,"featured_media":0,"parent":0,"menu_order":0,"comment_status":"closed","ping_status":"closed","template":"","meta":{"kt_blocks_editor_width":"","yasr_overall_rating":0,"yasr_post_is_review":"","yasr_auto_insert_disabled":"","yasr_review_type":"","footnotes":""},"class_list":["post-4746","page","type-page","status-publish","hentry"],"yasr_visitor_votes":{"stars_attributes":{"read_only":true,"span_bottom":"<div class='yasr-small-block-bold'><span class='yasr-visitor-votes-must-sign-in'>You must sign in to vote<\/span><\/div>"},"number_of_votes":0,"sum_votes":0},"yoast_head":"<!-- This site is optimized with the Yoast SEO plugin v27.4 - https:\/\/yoast.com\/product\/yoast-seo-wordpress\/ -->\n<title>Terms and Conditions - Waifu.com.mx<\/title>\n<meta name=\"robots\" content=\"index, follow, max-snippet:-1, max-image-preview:large, max-video-preview:-1\" \/>\n<link rel=\"canonical\" href=\"https:\/\/www.waifu.com.mx\/es\/terms-and-conditions\/\" \/>\n<meta property=\"og:locale\" content=\"es_ES\" \/>\n<meta property=\"og:type\" content=\"article\" \/>\n<meta property=\"og:title\" content=\"Terms and Conditions - Waifu.com.mx\" \/>\n<meta property=\"og:url\" content=\"https:\/\/www.waifu.com.mx\/es\/terms-and-conditions\/\" \/>\n<meta property=\"og:site_name\" content=\"Waifu.com.mx\" \/>\n<meta name=\"twitter:card\" content=\"summary_large_image\" \/>\n<script type=\"application\/ld+json\" class=\"yoast-schema-graph\">{\"@context\":\"https:\\\/\\\/schema.org\",\"@graph\":[{\"@type\":\"WebPage\",\"@id\":\"https:\\\/\\\/www.waifu.com.mx\\\/terms-and-conditions\\\/\",\"url\":\"https:\\\/\\\/www.waifu.com.mx\\\/terms-and-conditions\\\/\",\"name\":\"Terms and Conditions - Waifu.com.mx\",\"isPartOf\":{\"@id\":\"https:\\\/\\\/www.waifu.com.mx\\\/#website\"},\"datePublished\":\"2023-05-27T19:43:46+00:00\",\"breadcrumb\":{\"@id\":\"https:\\\/\\\/www.waifu.com.mx\\\/terms-and-conditions\\\/#breadcrumb\"},\"inLanguage\":\"es\",\"potentialAction\":[{\"@type\":\"ReadAction\",\"target\":[\"https:\\\/\\\/www.waifu.com.mx\\\/terms-and-conditions\\\/\"]}]},{\"@type\":\"BreadcrumbList\",\"@id\":\"https:\\\/\\\/www.waifu.com.mx\\\/terms-and-conditions\\\/#breadcrumb\",\"itemListElement\":[{\"@type\":\"ListItem\",\"position\":1,\"name\":\"Inicio\",\"item\":\"https:\\\/\\\/www.waifu.com.mx\\\/\"},{\"@type\":\"ListItem\",\"position\":2,\"name\":\"Terms and Conditions\"}]},{\"@type\":\"WebSite\",\"@id\":\"https:\\\/\\\/www.waifu.com.mx\\\/#website\",\"url\":\"https:\\\/\\\/www.waifu.com.mx\\\/\",\"name\":\"Waifu.com.mx\",\"description\":\"The World of Waifus\",\"publisher\":{\"@id\":\"https:\\\/\\\/www.waifu.com.mx\\\/#\\\/schema\\\/person\\\/8141fcd018d1f940fa517e0aadc58dd8\"},\"potentialAction\":[{\"@type\":\"SearchAction\",\"target\":{\"@type\":\"EntryPoint\",\"urlTemplate\":\"https:\\\/\\\/www.waifu.com.mx\\\/?s={search_term_string}\"},\"query-input\":{\"@type\":\"PropertyValueSpecification\",\"valueRequired\":true,\"valueName\":\"search_term_string\"}}],\"inLanguage\":\"es\"},{\"@type\":[\"Person\",\"Organization\"],\"@id\":\"https:\\\/\\\/www.waifu.com.mx\\\/#\\\/schema\\\/person\\\/8141fcd018d1f940fa517e0aadc58dd8\",\"name\":\"RyvenMx\",\"image\":{\"@type\":\"ImageObject\",\"inLanguage\":\"es\",\"@id\":\"https:\\\/\\\/www.waifu.com.mx\\\/wp-content\\\/uploads\\\/2023\\\/05\\\/WaifuMX-Logo.png\",\"url\":\"https:\\\/\\\/www.waifu.com.mx\\\/wp-content\\\/uploads\\\/2023\\\/05\\\/WaifuMX-Logo.png\",\"contentUrl\":\"https:\\\/\\\/www.waifu.com.mx\\\/wp-content\\\/uploads\\\/2023\\\/05\\\/WaifuMX-Logo.png\",\"width\":1040,\"height\":1040,\"caption\":\"RyvenMx\"},\"logo\":{\"@id\":\"https:\\\/\\\/www.waifu.com.mx\\\/wp-content\\\/uploads\\\/2023\\\/05\\\/WaifuMX-Logo.png\"},\"sameAs\":[\"http:\\\/\\\/waifu.com.mx\"]},false]}<\/script>\n<!-- \/ Yoast SEO plugin. -->","yoast_head_json":{"title":"T\u00e9rminos y Condiciones - Waifu.com.mx","robots":{"index":"index","follow":"follow","max-snippet":"max-snippet:-1","max-image-preview":"max-image-preview:large","max-video-preview":"max-video-preview:-1"},"canonical":"https:\/\/www.waifu.com.mx\/es\/terms-and-conditions\/","og_locale":"es_ES","og_type":"article","og_title":"Terms and Conditions - Waifu.com.mx","og_url":"https:\/\/www.waifu.com.mx\/es\/terms-and-conditions\/","og_site_name":"Waifu.com.mx","twitter_card":"summary_large_image","schema":{"@context":"https:\/\/schema.org","@graph":[{"@type":"WebPage","@id":"https:\/\/www.waifu.com.mx\/terms-and-conditions\/","url":"https:\/\/www.waifu.com.mx\/terms-and-conditions\/","name":"T\u00e9rminos y Condiciones - Waifu.com.mx","isPartOf":{"@id":"https:\/\/www.waifu.com.mx\/#website"},"datePublished":"2023-05-27T19:43:46+00:00","breadcrumb":{"@id":"https:\/\/www.waifu.com.mx\/terms-and-conditions\/#breadcrumb"},"inLanguage":"es","potentialAction":[{"@type":"ReadAction","target":["https:\/\/www.waifu.com.mx\/terms-and-conditions\/"]}]},{"@type":"BreadcrumbList","@id":"https:\/\/www.waifu.com.mx\/terms-and-conditions\/#breadcrumb","itemListElement":[{"@type":"ListItem","position":1,"name":"Inicio","item":"https:\/\/www.waifu.com.mx\/"},{"@type":"ListItem","position":2,"name":"Terms and Conditions"}]},{"@type":"WebSite","@id":"https:\/\/www.waifu.com.mx\/#website","url":"https:\/\/www.waifu.com.mx\/","name":"Waifu.com.mx","description":"El mundo de las Waifus","publisher":{"@id":"https:\/\/www.waifu.com.mx\/#\/schema\/person\/8141fcd018d1f940fa517e0aadc58dd8"},"potentialAction":[{"@type":"SearchAction","target":{"@type":"EntryPoint","urlTemplate":"https:\/\/www.waifu.com.mx\/?s={search_term_string}"},"query-input":{"@type":"PropertyValueSpecification","valueRequired":true,"valueName":"search_term_string"}}],"inLanguage":"es"},{"@type":["Person","Organization"],"@id":"https:\/\/www.waifu.com.mx\/#\/schema\/person\/8141fcd018d1f940fa517e0aadc58dd8","name":"ryvenmx","image":{"@type":"ImageObject","inLanguage":"es","@id":"https:\/\/www.waifu.com.mx\/wp-content\/uploads\/2023\/05\/WaifuMX-Logo.png","url":"https:\/\/www.waifu.com.mx\/wp-content\/uploads\/2023\/05\/WaifuMX-Logo.png","contentUrl":"https:\/\/www.waifu.com.mx\/wp-content\/uploads\/2023\/05\/WaifuMX-Logo.png","width":1040,"height":1040,"caption":"RyvenMx"},"logo":{"@id":"https:\/\/www.waifu.com.mx\/wp-content\/uploads\/2023\/05\/WaifuMX-Logo.png"},"sameAs":["http:\/\/waifu.com.mx"]},false]}},"_links":{"self":[{"href":"https:\/\/www.waifu.com.mx\/es\/wp-json\/wp\/v2\/pages\/4746","targetHints":{"allow":["GET"]}}],"collection":[{"href":"https:\/\/www.waifu.com.mx\/es\/wp-json\/wp\/v2\/pages"}],"about":[{"href":"https:\/\/www.waifu.com.mx\/es\/wp-json\/wp\/v2\/types\/page"}],"author":[{"embeddable":true,"href":"https:\/\/www.waifu.com.mx\/es\/wp-json\/wp\/v2\/users\/1"}],"replies":[{"embeddable":true,"href":"https:\/\/www.waifu.com.mx\/es\/wp-json\/wp\/v2\/comments?post=4746"}],"version-history":[{"count":0,"href":"https:\/\/www.waifu.com.mx\/es\/wp-json\/wp\/v2\/pages\/4746\/revisions"}],"wp:attachment":[{"href":"https:\/\/www.waifu.com.mx\/es\/wp-json\/wp\/v2\/media?parent=4746"}],"curies":[{"name":"gracias","href":"https:\/\/api.w.org\/{rel}","templated":true}]}}